{"id":1220,"date":"2021-12-15T18:38:36","date_gmt":"2021-12-15T18:38:36","guid":{"rendered":"https:\/\/www.unionzon.org\/?page_id=1220"},"modified":"2021-12-15T18:49:50","modified_gmt":"2021-12-15T18:49:50","slug":"romana-guv","status":"publish","type":"page","link":"https:\/\/www.unionzon.org\/bg_bg\/romana-guv\/","title":{"rendered":"romana guv"},"content":{"rendered":"[et_pb_section fb_built=&#8220;1&#8243; admin_label=&#8220;Hero&#8220; _builder_version=&#8220;4.9.3&#8243; background_color=&#8220;#EDEDED&#8220; use_background_color_gradient=&#8220;on&#8220; background_color_gradient_start=&#8220;rgba(237,237,237,0.17)&#8220; background_color_gradient_end=&#8220;rgba(237,237,237,0.19)&#8220; background_color_gradient_direction=&#8220;160deg&#8220; background_color_gradient_overlays_image=&#8220;on&#8220; background_image=&#8220;https:\/\/www.unionzon.org\/wp-content\/uploads\/2021\/04\/background_1.jpg&#8220; background_position=&#8220;top_center&#8220; custom_padding=&#8220;92px||75px|||&#8220; locked=&#8220;off&#8220;][et_pb_row _builder_version=&#8220;4.9.3&#8243; background_enable_color=&#8220;off&#8220; transform_rotate=&#8220;0deg|0deg|-1deg&#8220; positioning=&#8220;none&#8220; position_origin_a_tablet=&#8220;&#8220; position_origin_a_phone=&#8220;&#8220; position_origin_a_last_edited=&#8220;on|desktop&#8220; position_origin_f_tablet=&#8220;&#8220; position_origin_f_phone=&#8220;&#8220; position_origin_f_last_edited=&#8220;on|desktop&#8220; position_origin_r_tablet=&#8220;&#8220; position_origin_r_phone=&#8220;&#8220; position_origin_r_last_edited=&#8220;on|desktop&#8220; width=&#8220;60%&#8220; max_width=&#8220;662px&#8220; max_width_tablet=&#8220;&#8220; max_width_phone=&#8220;&#8220; max_width_last_edited=&#8220;on|phone&#8220; module_alignment=&#8220;center&#8220; custom_margin=&#8220;|10%||&#8220; custom_padding=&#8220;40px|6%|40px|6%|true|true&#8220; positioning_tablet=&#8220;&#8220; positioning_phone=&#8220;&#8220; positioning_last_edited=&#8220;on|phone&#8220;][et_pb_column type=&#8220;4_4&#8243; _builder_version=&#8220;3.25&#8243; custom_padding=&#8220;|||&#8220; custom_padding__hover=&#8220;|||&#8220;][et_pb_image src=&#8220;https:\/\/www.unionzon.org\/wp-content\/uploads\/2021\/04\/logos-partner_GUV.png&#8220; title_text=&#8220;logos-partner_GUV&#8220; align=&#8220;center&#8220; _builder_version=&#8220;4.9.3&#8243; _module_preset=&#8220;default&#8220; border_radii=&#8220;on|14px|14px|14px|14px&#8220;][\/et_pb_image][\/et_pb_column][\/et_pb_row][\/et_pb_section][et_pb_section fb_built=&#8220;1&#8243; admin_label=&#8220;What You Get&#8220; _builder_version=&#8220;4.9.3&#8243; background_color=&#8220;#f7f8fc&#8220; background_enable_image=&#8220;off&#8220; background_size=&#8220;initial&#8220; background_position=&#8220;bottom_left&#8220; custom_padding=&#8220;8px|0|9px|0px|false|false&#8220; locked=&#8220;off&#8220;][et_pb_row _builder_version=&#8220;3.25&#8243;][et_pb_column type=&#8220;4_4&#8243; _builder_version=&#8220;3.25&#8243; custom_padding=&#8220;|||&#8220; custom_padding__hover=&#8220;|||&#8220;][et_pb_text _builder_version=&#8220;4.9.3&#8243; _module_preset=&#8220;de3c22bc-9e1a-4586-8cb8-d2c82fddcfd6&#8243; custom_margin=&#8220;13px|||||&#8220; custom_padding=&#8220;||9px|||&#8220;]\n<h3>Casa sindical\u0103 de ajutor reciproc a sindicatelor din Federa\u021bia sindical\u0103 german\u0103 (\u201eGewerkschaftliche Unterst\u00fctzungseinrichtung der DGB-Gewerkschaften\u201d), GUV\/FAKULTA, nu este o cas\u0103 de asigurare. \u00a0Ea este o institu\u021bie a sindicatelor din Federa\u021bia sindical\u0103 german\u0103. Prin aceasta membrii GUV\/FAKULTA se sprijin\u0103 reciproc contra unor riscuri \u00een cadrul activit\u0103\u021bilor profesionale \u0219i de serviciu.<\/h3>\n<h4><strong>Pentru tine:<\/strong><\/h4>\n<ul>\n<li><strong>Sprijin compensatoriu<\/strong><span>\u00a0<\/span><strong>la daune-interese<\/strong><span>\u00a0<\/span>\u00een caz de revendicare de c\u0103tre angajator bazat\u0103 pe legisla\u021bia muncii sau a func\u021bionarului public<\/li>\n<li>Sprijin prin preluarea<span>\u00a0<\/span><strong>contribu\u021biei proprii<\/strong><span>\u00a0<\/span>din asigurarea CASCO existent\u0103, respectiv asigurarea obligatorie de r\u0103spundere civil\u0103 existent\u0103, o singur\u0103 dat\u0103 p\u00e2n\u0103 maximum 300 Euro per caz de daune-interese<\/li>\n<li><strong>Protec\u021bie juridic\u0103 \u00een cadrul procedurilor penale<\/strong><\/li>\n<li>Sprijin \u00een caz de<span>\u00a0<\/span><strong>situa\u021bie material\u0103 precar\u0103<\/strong><span>\u00a0<\/span>ca urmare a unui caz de daune-interese \u00a0<\/li>\n<li><\/li>\n<\/ul>\n[\/et_pb_text][\/et_pb_column][\/et_pb_row][et_pb_row column_structure=&#8220;1_2,1_2&#8243; _builder_version=&#8220;4.9.3&#8243; _module_preset=&#8220;default&#8220; locked=&#8220;off&#8220;][et_pb_column type=&#8220;1_2&#8243; _builder_version=&#8220;4.9.3&#8243; _module_preset=&#8220;default&#8220;][et_pb_button button_url=&#8220;https:\/\/www.unionzon.org\/category\/bosanski\/&#8220; button_text=&#8220;more information&#8220; button_alignment=&#8220;center&#8220; _builder_version=&#8220;4.9.3&#8243; _module_preset=&#8220;default&#8220; custom_button=&#8220;on&#8220; button_text_color=&#8220;#FFFFFF&#8220; button_bg_color=&#8220;#BF1A1A&#8220; transform_scale=&#8220;75%|75%&#8220;][\/et_pb_button][\/et_pb_column][et_pb_column type=&#8220;1_2&#8243; _builder_version=&#8220;4.9.3&#8243; _module_preset=&#8220;default&#8220;][et_pb_button button_url=&#8220;https:\/\/www.guv-fakulta.de\/beitrittsformular.html&#8220; url_new_window=&#8220;on&#8220; button_text=&#8220;postanite sad clan!&#8220; button_alignment=&#8220;center&#8220; _builder_version=&#8220;4.9.3&#8243; _module_preset=&#8220;default&#8220; custom_button=&#8220;on&#8220; button_text_color=&#8220;#FFFFFF&#8220; button_bg_color=&#8220;#BF1A1A&#8220; button_border_radius=&#8220;100px&#8220; transform_scale=&#8220;150%|150%&#8220;][\/et_pb_button][et_pb_code _builder_version=&#8220;4.9.3&#8243; _module_preset=&#8220;default&#8220;]<script async src=\"https:\/\/widget.websitevoice.com\/HshiKsNKePkceFsQnbkSCQ\"><\/script><!-- [et_pb_line_break_holder] --><script><!-- [et_pb_line_break_holder] -->  window.wvData=window.wvData||{};function wvtag(a,b){wvData[a]=b;}<!-- [et_pb_line_break_holder] -->  wvtag('id', 'HshiKsNKePkceFsQnbkSCQ');<!-- [et_pb_line_break_holder] -->wvtag('language', 'ro-RO');<!-- [et_pb_line_break_holder] -->  wvtag('gender', 'female');<!-- [et_pb_line_break_holder] -->  wvtag('text-selector', '.et_pb_blurb_container, .et_pb_button, .category-deutsch, .et_pb_blurb_container, .et_pb_text_inner, .et_pb_toggle_title, .et_pb_toggle_content, .et_pb_text');<!-- [et_pb_line_break_holder] --><\/script><!-- [et_pb_line_break_holder] -->[\/et_pb_code][\/et_pb_column][\/et_pb_row][\/et_pb_section][et_pb_section fb_built=&#8220;1&#8243; module_class=&#8220;wv\u2011disable&#8220; _builder_version=&#8220;4.9.3&#8243; _module_preset=&#8220;default&#8220; background_color=&#8220;#FFFFFF&#8220; height=&#8220;70px&#8220; custom_padding=&#8220;26px||10px|||&#8220;][et_pb_row _builder_version=&#8220;4.9.3&#8243; _module_preset=&#8220;default&#8220; custom_padding=&#8220;1px||3px|||&#8220;][et_pb_column type=&#8220;4_4&#8243; _builder_version=&#8220;4.9.3&#8243; _module_preset=&#8220;default&#8220;][et_pb_text _builder_version=&#8220;4.9.3&#8243; _module_preset=&#8220;default&#8220; custom_padding=&#8220;0px|||||&#8220;]\n<p style=\"text-align: center;\">\n<p style=\"text-align: center;\"><a href=\"https:\/\/www.unionzon.org\/impressum\/\">Impressum<\/a> | <a href=\"https:\/\/www.unionzon.org\/datenschutz\/\">Datenschutz<\/a><\/p>\n[\/et_pb_text][\/et_pb_column][\/et_pb_row][\/et_pb_section][et_pb_section fb_built=&#8220;1&#8243; disabled_on=&#8220;on|on|on&#8220; admin_label=&#8220;What You Get&#8220; _builder_version=&#8220;4.9.3&#8243; background_color=&#8220;#EDEDED&#8220; use_background_color_gradient=&#8220;on&#8220; background_color_gradient_start=&#8220;rgba(247,247,247,0.9)&#8220; background_color_gradient_end=&#8220;rgba(249,249,249,0.96)&#8220; background_color_gradient_overlays_image=&#8220;on&#8220; background_image=&#8220;https:\/\/www.unionzon.org\/wp-content\/uploads\/2021\/07\/verdi-amazon-15.png&#8220; background_size=&#8220;contain&#8220; background_position=&#8220;bottom_center&#8220; custom_padding=&#8220;8px|0|54px|0px|false|false&#8220; disabled=&#8220;on&#8220; global_module=&#8220;332&#8243; saved_tabs=&#8220;all&#8220;][et_pb_row column_structure=&#8220;1_4,1_2,1_4&#8243; _builder_version=&#8220;4.9.3&#8243; _module_preset=&#8220;default&#8220; max_width=&#8220;1656px&#8220;][et_pb_column type=&#8220;1_4&#8243; _builder_version=&#8220;4.9.3&#8243; _module_preset=&#8220;default&#8220;][et_pb_blurb title=&#8220;Join our Facebook-Group&#8220; use_icon=&#8220;on&#8220; font_icon=&#8220;%%314%%&#8220; icon_color=&#8220;#0C71C3&#8243; _builder_version=&#8220;4.9.3&#8243; _module_preset=&#8220;default&#8220; header_text_align=&#8220;center&#8220; background_enable_color=&#8220;off&#8220; use_background_color_gradient=&#8220;on&#8220; background_color_gradient_start=&#8220;rgba(158,158,158,0.69)&#8220; background_color_gradient_end=&#8220;rgba(158,158,158,0.36)&#8220; background_color_gradient_overlays_image=&#8220;on&#8220; background_image=&#8220;https:\/\/www.unionzon.org\/wp-content\/uploads\/2021\/04\/31949939_10216611362267082_4799178520766971904_n.jpg&#8220; text_orientation=&#8220;center&#8220; background_layout=&#8220;dark&#8220; height=&#8220;500px&#8220; height_tablet=&#8220;&#8220; height_phone=&#8220;&#8220; height_last_edited=&#8220;on|tablet&#8220; custom_padding=&#8220;20px|20px|20px|20px|true|true&#8220; link_option_url=&#8220;https:\/\/www.facebook.com\/groups\/157839177604931\/?ref=share&#8220; link_option_url_new_window=&#8220;on&#8220; custom_css_main_element=&#8220;display: flex;flex-direction: column; justify-content: center; align-items: center;&#8220; transform_styles__hover_enabled=&#8220;on|desktop&#8220; transform_scale__hover_enabled=&#8220;on|desktop&#8220; transform_translate__hover_enabled=&#8220;on|desktop&#8220; transform_rotate__hover_enabled=&#8220;on|desktop&#8220; transform_skew__hover_enabled=&#8220;on|desktop&#8220; transform_origin__hover_enabled=&#8220;on|desktop&#8220; transform_scale__hover=&#8220;103%|103%&#8220;][\/et_pb_blurb][\/et_pb_column][et_pb_column type=&#8220;1_2&#8243; _builder_version=&#8220;4.9.3&#8243; _module_preset=&#8220;default&#8220;][et_pb_blurb title=&#8220;Kontakt&#8220; use_icon=&#8220;on&#8220; font_icon=&#8220;%%264%%&#8220; icon_color=&#8220;#BF1A1A&#8220; _builder_version=&#8220;4.9.3&#8243; _module_preset=&#8220;default&#8220; header_level=&#8220;h1&#8243; header_font=&#8220;IBM Plex Mono|700|||||||&#8220; header_text_align=&#8220;center&#8220; header_text_color=&#8220;#0C71C3&#8243; animation_style=&#8220;fade&#8220;][\/et_pb_blurb][et_pb_text _builder_version=&#8220;4.9.3&#8243; _module_preset=&#8220;25f01922-75f9-450b-8c13-542227282a8f&#8220; module_alignment=&#8220;center&#8220; custom_margin=&#8220;||118px|||&#8220;]\n<h3 style=\"text-align: center;\"><strong>+49 89 51399018<\/strong><\/h3>\n<p><span><\/span><\/p>\n<p><span><\/span><\/p>\n<p><span><\/span><\/p>\n<h3 style=\"text-align: center;\"><a href=\"https:\/\/www.guv-fakulta.de\/\" target=\"_blank\" rel=\"noopener\">www.guv-fakulta.de<\/a><\/h3>\n<h3 style=\"text-align: center;\"><a href=\"https:\/\/www.faire-mobilitaet.de\/\" target=\"_blank\" rel=\"noopener\">www.faire-mobilitaet.de<\/a><\/h3>\n<h3 style=\"text-align: center;\"><a href=\"https:\/\/www.kraftfahrerkreise.de\/\" target=\"_blank\" rel=\"noopener\">www.kraftfahrerkreise.de<\/a><\/h3>\n<h3 style=\"text-align: center;\"><a href=\"http:\/\/www.psl-bayern.verdi.de\" target=\"_blank\" rel=\"noopener\">www.psl-bayern.verdi.de<\/a><\/h3>\n<h3 style=\"text-align: center;\"><a href=\"http:\/\/www.faire-integration.de\" target=\"_blank\" rel=\"noopener\">www.faire-integration.de<\/a><\/h3>\n[\/et_pb_text][\/et_pb_column][et_pb_column type=&#8220;1_4&#8243; _builder_version=&#8220;4.9.3&#8243; _module_preset=&#8220;default&#8220;][et_pb_code _builder_version=&#8220;4.9.3&#8243; _module_preset=&#8220;default&#8220; module_alignment=&#8220;center&#8220;]  <\/p>\n<div id=fb-iframe style=\"border: none; height: 500px; cursor: pointer;  display: flex;flex-direction: column; justify-content: center; align-items: center; background-image: url( 'https:\/\/www.unionzon.org\/wp-content\/uploads\/2021\/04\/background_1.jpg'); \"><!-- [et_pb_line_break_holder] -->    <input type=\"button\" class=\"wrapper_button\" value=\"show Facebook-Feed\" style=\"height: 60px; background-color: #0C71C3 !important\" \/><!-- [et_pb_line_break_holder] -->    <pee class=\"text-center\" style= padding:20px;>Mit dem Aufruf des Feeds erkl\u00e4rst Du Dich einverstanden, dass Deine Daten an Facebook \u00fcbermittelt werden und das Du die <a href=\"\/datenschutz\/\" target=\"_blank\" rel=\"noopener\">Datenschutzerkl\u00e4rung<\/a> gelesen hast.<\/pee><!-- [et_pb_line_break_holder] -->    <\/div>\n<p><!-- [et_pb_line_break_holder] --><!-- [et_pb_line_break_holder] --><!-- [et_pb_line_break_holder] --><!-- [et_pb_line_break_holder] --><script><!-- [et_pb_line_break_holder] -->var button = document.getElementById(\"fb-iframe\");<!-- [et_pb_line_break_holder] --><!-- [et_pb_line_break_holder] -->button.addEventListener('click', function(event){<!-- [et_pb_line_break_holder] -->console.log('yes');<!-- [et_pb_line_break_holder] -->button.innerHTML = '<iframe src=\"https:\/\/www.facebook.com\/v8.0\/plugins\/page.php?adapt_container_width=true&#038;app_id=&#038;channel=https%3A%2F%2Fstaticxx.facebook.com%2Fx%2Fconnect%2Fxd_arbiter%2F%3Fversion%3D46%23cb%3Df133b8d3162f27%26domain%3Dwww.unionzon.org%26origin%3Dhttps%253A%252F%252Fwww.unionzon.org%252Ff39de1233c58a9%26relation%3Dparent.parent&#038;container_width=484&#038;height=500&#038;hide_cover=false&#038;href=https%3A%2F%2Fwww.facebook.com%2Fverdipslbayern%2F&#038;lazy=true&#038;locale=en_US&#038;sdk=joey&#038;show_facepile=true&#038;small_header=false&#038;tabs=timeline&#038;width=340\" style=\"border: none; height: 500px; visibility: visible;\"'+ ' name=\"f2ea45a8883a1f8\" height=\"500px\" id=hi data-testid=\"fb:page Facebook Social Plugin\" title=\"fb:page Facebook Social Plugin\" frameborder=\"0\" allowtransparency=\"true\" allowfullscreen=\"true\" scrolling=\"no\" allow=\"encrypted-media\" loading=\"lazy\"><\/iframe>';<!-- [et_pb_line_break_holder] -->  <!-- [et_pb_line_break_holder] -->var removeStyleCont = document.getElementsByClassName(\"_2p3a\").item(0);<!-- [et_pb_line_break_holder] -->  <!-- [et_pb_line_break_holder] --><!-- [et_pb_line_break_holder] -->  console.log(removeStyleCont);<!-- [et_pb_line_break_holder] -->});<!-- [et_pb_line_break_holder] --><\/script>[\/et_pb_code][\/et_pb_column][\/et_pb_row][\/et_pb_section]\n","protected":false},"excerpt":{"rendered":"<p>Casa sindical\u0103 de ajutor reciproc a sindicatelor din Federa\u021bia sindical\u0103 german\u0103 (\u201eGewerkschaftliche Unterst\u00fctzungseinrichtung der DGB-Gewerkschaften\u201d), GUV\/FAKULTA, nu este o cas\u0103 de asigurare. \u00a0Ea este o institu\u021bie a sindicatelor din Federa\u021bia sindical\u0103 german\u0103. Prin aceasta membrii GUV\/FAKULTA se sprijin\u0103 reciproc contra unor riscuri \u00een cadrul activit\u0103\u021bilor profesionale \u0219i de serviciu. Pentru tine: Sprijin compensatoriu\u00a0la daune-interese\u00a0\u00een caz [&hellip;]<\/p>\n","protected":false},"author":1,"featured_media":0,"parent":0,"menu_order":0,"comment_status":"closed","ping_status":"closed","template":"page-template-blank.php","meta":{"_et_pb_use_builder":"on","_et_pb_old_content":"","_et_gb_content_width":"","footnotes":""},"_links":{"self":[{"href":"https:\/\/www.unionzon.org\/bg_bg\/wp-json\/wp\/v2\/pages\/1220"}],"collection":[{"href":"https:\/\/www.unionzon.org\/bg_bg\/wp-json\/wp\/v2\/pages"}],"about":[{"href":"https:\/\/www.unionzon.org\/bg_bg\/wp-json\/wp\/v2\/types\/page"}],"author":[{"embeddable":true,"href":"https:\/\/www.unionzon.org\/bg_bg\/wp-json\/wp\/v2\/users\/1"}],"replies":[{"embeddable":true,"href":"https:\/\/www.unionzon.org\/bg_bg\/wp-json\/wp\/v2\/comments?post=1220"}],"version-history":[{"count":4,"href":"https:\/\/www.unionzon.org\/bg_bg\/wp-json\/wp\/v2\/pages\/1220\/revisions"}],"predecessor-version":[{"id":1236,"href":"https:\/\/www.unionzon.org\/bg_bg\/wp-json\/wp\/v2\/pages\/1220\/revisions\/1236"}],"wp:attachment":[{"href":"https:\/\/www.unionzon.org\/bg_bg\/wp-json\/wp\/v2\/media?parent=1220"}],"curies":[{"name":"\u0440\u0430\u0431\u043e\u0442\u043d\u0430 \u0441\u0440\u0435\u0449\u0430","href":"https:\/\/api.w.org\/{rel}","templated":true}]}}